{"id":8021,"date":"2025-04-18T17:59:14","date_gmt":"2025-04-18T15:59:14","guid":{"rendered":"https:\/\/patriklarralde.com\/?page_id=8021"},"modified":"2025-05-03T00:42:11","modified_gmt":"2025-05-02T22:42:11","slug":"bio","status":"publish","type":"page","link":"https:\/\/patriklarralde.com\/fr\/bio\/","title":{"rendered":"Bio"},"content":{"rendered":"<div data-elementor-type=\"wp-page\" data-elementor-id=\"8021\" class=\"elementor elementor-8021\" data-elementor-post-type=\"page\">\n\t\t\t\t<div class=\"elementor-element elementor-element-297ed9f e-flex e-con-boxed e-con e-parent\" data-id=\"297ed9f\" data-element_type=\"container\" data-e-type=\"container\" data-settings=\"{&quot;background_background&quot;:&quot;classic&quot;,&quot;ekit_has_onepagescroll_dot&quot;:&quot;yes&quot;}\">\n\t\t\t\t\t<div class=\"e-con-inner\">\n\t\t<div class=\"elementor-element elementor-element-e663e71 e-con-full e-flex e-con e-child\" data-id=\"e663e71\" data-element_type=\"container\" data-e-type=\"container\" data-settings=\"{&quot;ekit_has_onepagescroll_dot&quot;:&quot;yes&quot;}\">\n\t\t\t\t<div class=\"elementor-element elementor-element-1f2dd60 elementor-widget elementor-widget-image\" data-id=\"1f2dd60\" data-element_type=\"widget\" data-e-type=\"widget\" data-settings=\"{&quot;ekit_we_effect_on&quot;:&quot;none&quot;}\" data-widget_type=\"image.default\">\n\t\t\t\t<div class=\"elementor-widget-container\">\n\t\t\t\t\t\t\t\t\t\t\t\t\t\t\t<img fetchpriority=\"high\" decoding=\"async\" width=\"800\" height=\"800\" src=\"https:\/\/patriklarralde.com\/wp-content\/uploads\/2025\/03\/youtube-katearen-ikonoa_2_.webp\" class=\"attachment-large size-large wp-image-5819\" alt=\"\" srcset=\"https:\/\/patriklarralde.com\/wp-content\/uploads\/2025\/03\/youtube-katearen-ikonoa_2_.webp 800w, https:\/\/patriklarralde.com\/wp-content\/uploads\/2025\/03\/youtube-katearen-ikonoa_2_-300x300.webp 300w, https:\/\/patriklarralde.com\/wp-content\/uploads\/2025\/03\/youtube-katearen-ikonoa_2_-150x150.webp 150w, https:\/\/patriklarralde.com\/wp-content\/uploads\/2025\/03\/youtube-katearen-ikonoa_2_-768x768.webp 768w, https:\/\/patriklarralde.com\/wp-content\/uploads\/2025\/03\/youtube-katearen-ikonoa_2_-12x12.webp 12w\" sizes=\"(max-width: 800px) 100vw, 800px\" \/>\t\t\t\t\t\t\t\t\t\t\t\t\t\t\t<\/div>\n\t\t\t\t<\/div>\n\t\t\t\t<\/div>\n\t\t<div class=\"elementor-element elementor-element-99b815b e-con-full e-flex e-con e-child\" data-id=\"99b815b\" data-element_type=\"container\" data-e-type=\"container\" data-settings=\"{&quot;ekit_has_onepagescroll_dot&quot;:&quot;yes&quot;}\">\n\t\t\t\t<div class=\"elementor-element elementor-element-77a5736 elementor-widget elementor-widget-heading\" data-id=\"77a5736\" data-element_type=\"widget\" data-e-type=\"widget\" data-settings=\"{&quot;ekit_we_effect_on&quot;:&quot;none&quot;}\" data-widget_type=\"heading.default\">\n\t\t\t\t<div class=\"elementor-widget-container\">\n\t\t\t\t\t<h2 class=\"elementor-heading-title elementor-size-default\">\" le pestacle \"<\/h2>\t\t\t\t<\/div>\n\t\t\t\t<\/div>\n\t\t\t\t<div class=\"elementor-element elementor-element-27fa3d2 elementor-widget elementor-widget-heading\" data-id=\"27fa3d2\" data-element_type=\"widget\" data-e-type=\"widget\" data-settings=\"{&quot;ekit_we_effect_on&quot;:&quot;none&quot;}\" data-widget_type=\"heading.default\">\n\t\t\t\t<div class=\"elementor-widget-container\">\n\t\t\t\t\t<p class=\"elementor-heading-title elementor-size-default\">Je ne suis pas le premier spectacle de mes parents puisque mon fr\u00e8re a\u00een\u00e9 a occup\u00e9 en solo la sc\u00e8ne durant 5 ans et demi. Pendant neuf mois, depuis les coulisses de ce th\u00e9\u00e2tre familial, j\u2019ai pu \u00eatre le spectateur privil\u00e9gi\u00e9 des \u00e9motions de ma m\u00e8re. Je fis ma premi\u00e8re sortie en public le 28 novembre 1976 lorsque ma m\u00e8re d\u00e9cida de me mettre sur le devant de la sc\u00e8ne. Je ne me souviens pas de ce moment, ni des coulisses d\u2019ailleurs, mais parfois les sentiments qui m\u2019animent surgissent de nulle part, sans doute de cette \u00e9poque. En tout cas j\u2019aime le croire. Petit fils de danseur, fils d\u2019un chanteur et d\u2019une danseuse, mes parents, second\u00e9s par mon fr\u00e8re a\u00een\u00e9, m\u2019ont transmis l\u2019amour du spectacle, dans la rue ou en salle.\n<\/p>\t\t\t\t<\/div>\n\t\t\t\t<\/div>\n\t\t\t\t<div class=\"elementor-element elementor-element-2984aae elementor-widget elementor-widget-spacer\" data-id=\"2984aae\" data-element_type=\"widget\" data-e-type=\"widget\" data-settings=\"{&quot;ekit_we_effect_on&quot;:&quot;none&quot;}\" data-widget_type=\"spacer.default\">\n\t\t\t\t<div class=\"elementor-widget-container\">\n\t\t\t\t\t\t\t<div class=\"elementor-spacer\">\n\t\t\t<div class=\"elementor-spacer-inner\"><\/div>\n\t\t<\/div>\n\t\t\t\t\t\t<\/div>\n\t\t\t\t<\/div>\n\t\t\t\t<div class=\"elementor-element elementor-element-55f9df2 elementor-widget elementor-widget-heading\" data-id=\"55f9df2\" data-element_type=\"widget\" data-e-type=\"widget\" data-settings=\"{&quot;ekit_we_effect_on&quot;:&quot;none&quot;}\" data-widget_type=\"heading.default\">\n\t\t\t\t<div class=\"elementor-widget-container\">\n\t\t\t\t\t<h2 class=\"elementor-heading-title elementor-size-default\">\" aRtiviste \"<\/h2>\t\t\t\t<\/div>\n\t\t\t\t<\/div>\n\t\t\t\t<div class=\"elementor-element elementor-element-847ba30 elementor-widget elementor-widget-heading\" data-id=\"847ba30\" data-element_type=\"widget\" data-e-type=\"widget\" data-settings=\"{&quot;ekit_we_effect_on&quot;:&quot;none&quot;}\" data-widget_type=\"heading.default\">\n\t\t\t\t<div class=\"elementor-widget-container\">\n\t\t\t\t\t<p class=\"elementor-heading-title elementor-size-default\">Je suis un musicien qui puise sa musique dans ce qui l\u2019entoure. Tout est spectacle: chaque personne, chaque mot et chaque situation. C'est dans cette r\u00e9alit\u00e9 que je construis ma v\u00e9rit\u00e9, tissant ainsi mon art tel un artisan. J\u2019ai grandi \u00e0 Paris, o\u00f9 diff\u00e9rentes cultures et origines vivaient, on se connaissait tous. Les cit\u00e9s \u00e9taient mes premi\u00e8res sc\u00e8nes publiques.\nA 18 ans, j\u2019ai quitt\u00e9 le Paris populaire, du moins celui que je connaissais, pour aller au Pays Basque. L\u00e0, j\u2019ai red\u00e9couvert mes origines et le sens d\u2019\u00eatre \u00abbasque\u00bb. Puis, j\u2019ai crois\u00e9 l\u2019engagement culturel et social, parfois s\u00e9par\u00e9ment, parfois ensemble. C\u2019est ainsi que ma conscience artistique est n\u00e9e, faisant de moi un \"artiviste\".\n<\/p>\t\t\t\t<\/div>\n\t\t\t\t<\/div>\n\t\t\t\t<\/div>\n\t\t\t\t\t<\/div>\n\t\t\t\t<\/div>\n\t\t<div class=\"elementor-element elementor-element-77e79a1 e-flex e-con-boxed e-con e-parent\" data-id=\"77e79a1\" data-element_type=\"container\" data-e-type=\"container\" data-settings=\"{&quot;ekit_has_onepagescroll_dot&quot;:&quot;yes&quot;}\">\n\t\t\t\t\t<div class=\"e-con-inner\">\n\t\t\t\t<div class=\"elementor-element elementor-element-d9554e7 elementor-widget elementor-widget-heading\" data-id=\"d9554e7\" data-element_type=\"widget\" data-e-type=\"widget\" data-settings=\"{&quot;ekit_we_effect_on&quot;:&quot;none&quot;}\" data-widget_type=\"heading.default\">\n\t\t\t\t<div class=\"elementor-widget-container\">\n\t\t\t\t\t<h2 class=\"elementor-heading-title elementor-size-default\">composer pour l'image, sculter les \u00e9motions\n<\/h2>\t\t\t\t<\/div>\n\t\t\t\t<\/div>\n\t\t\t\t\t<\/div>\n\t\t\t\t<\/div>\n\t\t<div class=\"elementor-element elementor-element-6395956 e-flex e-con-boxed e-con e-parent\" data-id=\"6395956\" data-element_type=\"container\" data-e-type=\"container\" data-settings=\"{&quot;ekit_has_onepagescroll_dot&quot;:&quot;yes&quot;}\">\n\t\t\t\t\t<div class=\"e-con-inner\">\n\t\t<div class=\"elementor-element elementor-element-26c4028 e-con-full e-flex e-con e-child\" data-id=\"26c4028\" data-element_type=\"container\" data-e-type=\"container\" data-settings=\"{&quot;ekit_has_onepagescroll_dot&quot;:&quot;yes&quot;}\">\n\t\t\t\t<div class=\"elementor-element elementor-element-38340a6 elementor-widget elementor-widget-heading\" data-id=\"38340a6\" data-element_type=\"widget\" data-e-type=\"widget\" data-settings=\"{&quot;ekit_we_effect_on&quot;:&quot;none&quot;}\" data-widget_type=\"heading.default\">\n\t\t\t\t<div class=\"elementor-widget-container\">\n\t\t\t\t\t<p class=\"elementor-heading-title elementor-size-default\">Mon approche de la composition est celle d\u2019un artisan : fa\u00e7onner la mati\u00e8re sonore pour r\u00e9v\u00e9ler une histoire, une \u00e9motion, une v\u00e9rit\u00e9. Orchestre, textures \u00e9lectroniques, r\u00e9sonances traditionnelles basques... Chaque projet m\u2019invite \u00e0 explorer de nouveaux mat\u00e9riaux, \u00e0 \u00e9couter ce que je vois.\nJe suis ouvert \u00e0 toutes les exp\u00e9riences artistiques, je n'ai pas d'obstacles. J'adore les d\u00e9fis. Je compose des orchestres, des \u00e9lectros et de la musique traditionnelle pour des spectacles, des films d'animation, des documentaires, des courts m\u00e9trages, des longs m\u00e9trages et des contes musicaux. L'observation et l'\u00e9coute sont mes principales caract\u00e9ristiques.<\/p>\t\t\t\t<\/div>\n\t\t\t\t<\/div>\n\t\t\t\t<\/div>\n\t\t<div class=\"elementor-element elementor-element-6e84ba1 e-con-full e-flex e-con e-child\" data-id=\"6e84ba1\" data-element_type=\"container\" data-e-type=\"container\" data-settings=\"{&quot;ekit_has_onepagescroll_dot&quot;:&quot;yes&quot;}\">\n\t\t\t\t<div class=\"elementor-element elementor-element-0882ce4 elementor-widget elementor-widget-video\" data-id=\"0882ce4\" data-element_type=\"widget\" data-e-type=\"widget\" data-settings=\"{&quot;video_type&quot;:&quot;hosted&quot;,&quot;autoplay&quot;:&quot;yes&quot;,&quot;loop&quot;:&quot;yes&quot;,&quot;ekit_we_effect_on&quot;:&quot;none&quot;}\" data-widget_type=\"video.default\">\n\t\t\t\t<div class=\"elementor-widget-container\">\n\t\t\t\t\t\t\t<div class=\"e-hosted-video elementor-wrapper elementor-open-inline\">\n\t\t\t\t\t<video class=\"elementor-video\" src=\"https:\/\/patriklarralde.com\/wp-content\/uploads\/2025\/04\/page-COMPOSER-2.mp4\" autoplay=\"\" loop=\"\" controlslist=\"nodownload\"><\/video>\n\t\t\t\t<\/div>\n\t\t\t\t\t\t<\/div>\n\t\t\t\t<\/div>\n\t\t\t\t<\/div>\n\t\t\t\t\t<\/div>\n\t\t\t\t<\/div>\n\t\t\t\t<\/div>","protected":false},"excerpt":{"rendered":"<p>&#8221; ikusk&#8217;izana &#8220; Ez naiz nire gurasoen lehen ikuskizuna, nire anaia zaharrenak bakarrik okupatu baizuen eszenatokia 5 urte eta erdiz. Bederatzi hilabetez, famili antzerki honetako kamerinoetatik, amaren emozioen ikusle pribilegiatua izan naiz. 1976ko azaroaren 28an publiko baten aitzinean lehen aguerraldia estreinatu nuen, amak ni proiektatzea eszenatokiaren aurrealdean erabaki zuenean. Ez naiz oroitzen momentu hortaz, ezta [&hellip;]<\/p>\n","protected":false},"author":1,"featured_media":0,"parent":0,"menu_order":0,"comment_status":"closed","ping_status":"closed","template":"","meta":{"site-sidebar-layout":"no-sidebar","site-content-layout":"","ast-site-content-layout":"full-width-container","site-content-style":"default","site-sidebar-style":"default","ast-global-header-display":"","ast-banner-title-visibility":"","ast-main-header-display":"","ast-hfb-above-header-display":"","ast-hfb-below-header-display":"","ast-hfb-mobile-header-display":"","site-post-title":"disabled","ast-breadcrumbs-content":"","ast-featured-img":"disabled","footer-sml-layout":"","ast-disable-related-posts":"","theme-transparent-header-meta":"","adv-header-id-meta":"","stick-header-meta":"","header-above-stick-meta":"","header-main-stick-meta":"","header-below-stick-meta":"","astra-migrate-meta-layouts":"default","ast-page-background-enabled":"default","ast-page-background-meta":{"desktop":{"background-color":"var(--ast-global-color-4)","background-image":"","background-repeat":"repeat","background-position":"center center","background-size":"auto","background-attachment":"scroll","background-type":"","background-media":"","overlay-type":"","overlay-color":"","overlay-opacity":"","overlay-gradient":""},"tablet":{"background-color":"","background-image":"","background-repeat":"repeat","background-position":"center center","background-size":"auto","background-attachment":"scroll","background-type":"","background-media":"","overlay-type":"","overlay-color":"","overlay-opacity":"","overlay-gradient":""},"mobile":{"background-color":"","background-image":"","background-repeat":"repeat","background-position":"center center","background-size":"auto","background-attachment":"scroll","background-type":"","background-media":"","overlay-type":"","overlay-color":"","overlay-opacity":"","overlay-gradient":""}},"ast-content-background-meta":{"desktop":{"background-color":"var(--ast-global-color-5)","background-image":"","background-repeat":"repeat","background-position":"center center","background-size":"auto","background-attachment":"scroll","background-type":"","background-media":"","overlay-type":"","overlay-color":"","overlay-opacity":"","overlay-gradient":""},"tablet":{"background-color":"var(--ast-global-color-5)","background-image":"","background-repeat":"repeat","background-position":"center center","background-size":"auto","background-attachment":"scroll","background-type":"","background-media":"","overlay-type":"","overlay-color":"","overlay-opacity":"","overlay-gradient":""},"mobile":{"background-color":"var(--ast-global-color-5)","background-image":"","background-repeat":"repeat","background-position":"center center","background-size":"auto","background-attachment":"scroll","background-type":"","background-media":"","overlay-type":"","overlay-color":"","overlay-opacity":"","overlay-gradient":""}},"footnotes":""},"class_list":["post-8021","page","type-page","status-publish","hentry"],"yoast_head":"<!-- This site is optimized with the Yoast SEO plugin v27.3 - https:\/\/yoast.com\/product\/yoast-seo-wordpress\/ -->\n<title>Bio - Patrik LARRALDE<\/title>\n<meta name=\"robots\" content=\"index, follow, max-snippet:-1, max-image-preview:large, max-video-preview:-1\" \/>\n<link rel=\"canonical\" href=\"https:\/\/patriklarralde.com\/fr\/bio\/\" \/>\n<meta property=\"og:locale\" content=\"fr_FR\" \/>\n<meta property=\"og:type\" content=\"article\" \/>\n<meta property=\"og:title\" content=\"Bio - Patrik LARRALDE\" \/>\n<meta property=\"og:description\" content=\"&#8221; ikusk&#8217;izana &#8220; Ez naiz nire gurasoen lehen ikuskizuna, nire anaia zaharrenak bakarrik okupatu baizuen eszenatokia 5 urte eta erdiz. Bederatzi hilabetez, famili antzerki honetako kamerinoetatik, amaren emozioen ikusle pribilegiatua izan naiz. 1976ko azaroaren 28an publiko baten aitzinean lehen aguerraldia estreinatu nuen, amak ni proiektatzea eszenatokiaren aurrealdean erabaki zuenean. Ez naiz oroitzen momentu hortaz, ezta [&hellip;]\" \/>\n<meta property=\"og:url\" content=\"https:\/\/patriklarralde.com\/fr\/bio\/\" \/>\n<meta property=\"og:site_name\" content=\"Patrik LARRALDE\" \/>\n<meta property=\"article:publisher\" content=\"https:\/\/www.facebook.com\/patrik.larralde\" \/>\n<meta property=\"article:modified_time\" content=\"2025-05-02T22:42:11+00:00\" \/>\n<meta property=\"og:image\" content=\"https:\/\/patriklarralde.com\/wp-content\/uploads\/2025\/03\/youtube-katearen-ikonoa_2_.webp\" \/>\n\t<meta property=\"og:image:width\" content=\"800\" \/>\n\t<meta property=\"og:image:height\" content=\"800\" \/>\n\t<meta property=\"og:image:type\" content=\"image\/webp\" \/>\n<meta name=\"twitter:card\" content=\"summary_large_image\" \/>\n<meta name=\"twitter:label1\" content=\"Dur\u00e9e de lecture estim\u00e9e\" \/>\n\t<meta name=\"twitter:data1\" content=\"2 minutes\" \/>\n<script type=\"application\/ld+json\" class=\"yoast-schema-graph\">{\"@context\":\"https:\\\/\\\/schema.org\",\"@graph\":[{\"@type\":\"WebPage\",\"@id\":\"https:\\\/\\\/patriklarralde.com\\\/bio\\\/\",\"url\":\"https:\\\/\\\/patriklarralde.com\\\/bio\\\/\",\"name\":\"Bio - Patrik LARRALDE\",\"isPartOf\":{\"@id\":\"https:\\\/\\\/patriklarralde.com\\\/#website\"},\"primaryImageOfPage\":{\"@id\":\"https:\\\/\\\/patriklarralde.com\\\/bio\\\/#primaryimage\"},\"image\":{\"@id\":\"https:\\\/\\\/patriklarralde.com\\\/bio\\\/#primaryimage\"},\"thumbnailUrl\":\"https:\\\/\\\/patriklarralde.com\\\/wp-content\\\/uploads\\\/2025\\\/03\\\/youtube-katearen-ikonoa_2_.webp\",\"datePublished\":\"2025-04-18T15:59:14+00:00\",\"dateModified\":\"2025-05-02T22:42:11+00:00\",\"breadcrumb\":{\"@id\":\"https:\\\/\\\/patriklarralde.com\\\/bio\\\/#breadcrumb\"},\"inLanguage\":\"fr-FR\",\"potentialAction\":[{\"@type\":\"ReadAction\",\"target\":[\"https:\\\/\\\/patriklarralde.com\\\/bio\\\/\"]}]},{\"@type\":\"ImageObject\",\"inLanguage\":\"fr-FR\",\"@id\":\"https:\\\/\\\/patriklarralde.com\\\/bio\\\/#primaryimage\",\"url\":\"https:\\\/\\\/patriklarralde.com\\\/wp-content\\\/uploads\\\/2025\\\/03\\\/youtube-katearen-ikonoa_2_.webp\",\"contentUrl\":\"https:\\\/\\\/patriklarralde.com\\\/wp-content\\\/uploads\\\/2025\\\/03\\\/youtube-katearen-ikonoa_2_.webp\"},{\"@type\":\"BreadcrumbList\",\"@id\":\"https:\\\/\\\/patriklarralde.com\\\/bio\\\/#breadcrumb\",\"itemListElement\":[{\"@type\":\"ListItem\",\"position\":1,\"name\":\"Accueil\",\"item\":\"https:\\\/\\\/patriklarralde.com\\\/\"},{\"@type\":\"ListItem\",\"position\":2,\"name\":\"Bio\"}]},{\"@type\":\"WebSite\",\"@id\":\"https:\\\/\\\/patriklarralde.com\\\/#website\",\"url\":\"https:\\\/\\\/patriklarralde.com\\\/\",\"name\":\"Patrik LARRALDE\",\"description\":\"Musicien et Compositeur\",\"publisher\":{\"@id\":\"https:\\\/\\\/patriklarralde.com\\\/#\\\/schema\\\/person\\\/5ae8806712bff2580a77b1be960b0caa\"},\"potentialAction\":[{\"@type\":\"SearchAction\",\"target\":{\"@type\":\"EntryPoint\",\"urlTemplate\":\"https:\\\/\\\/patriklarralde.com\\\/?s={search_term_string}\"},\"query-input\":{\"@type\":\"PropertyValueSpecification\",\"valueRequired\":true,\"valueName\":\"search_term_string\"}}],\"inLanguage\":\"fr-FR\"},{\"@type\":[\"Person\",\"Organization\"],\"@id\":\"https:\\\/\\\/patriklarralde.com\\\/#\\\/schema\\\/person\\\/5ae8806712bff2580a77b1be960b0caa\",\"name\":\"admin5148\",\"image\":{\"@type\":\"ImageObject\",\"inLanguage\":\"fr-FR\",\"@id\":\"https:\\\/\\\/patriklarralde.com\\\/wp-content\\\/uploads\\\/2023\\\/01\\\/patrik-larralde.webp\",\"url\":\"https:\\\/\\\/patriklarralde.com\\\/wp-content\\\/uploads\\\/2023\\\/01\\\/patrik-larralde.webp\",\"contentUrl\":\"https:\\\/\\\/patriklarralde.com\\\/wp-content\\\/uploads\\\/2023\\\/01\\\/patrik-larralde.webp\",\"width\":1000,\"height\":1000,\"caption\":\"admin5148\"},\"logo\":{\"@id\":\"https:\\\/\\\/patriklarralde.com\\\/wp-content\\\/uploads\\\/2023\\\/01\\\/patrik-larralde.webp\"},\"sameAs\":[\"https:\\\/\\\/patriklarralde.com\",\"https:\\\/\\\/www.facebook.com\\\/patrik.larralde\",\"https:\\\/\\\/www.instagram.com\\\/patrikl21\\\/\",\"https:\\\/\\\/www.linkedin.com\\\/in\\\/patrik-larralde-9491a1233\\\/\",\"https:\\\/\\\/www.youtube.com\\\/channel\\\/UCqs_UquLqmdTKthEOJdTgkQ\",\"https:\\\/\\\/soundcloud.com\\\/patriklarralde\"]}]}<\/script>\n<!-- \/ Yoast SEO plugin. -->","yoast_head_json":{"title":"Bio - Patrik LARRALDE","robots":{"index":"index","follow":"follow","max-snippet":"max-snippet:-1","max-image-preview":"max-image-preview:large","max-video-preview":"max-video-preview:-1"},"canonical":"https:\/\/patriklarralde.com\/fr\/bio\/","og_locale":"fr_FR","og_type":"article","og_title":"Bio - Patrik LARRALDE","og_description":"&#8221; ikusk&#8217;izana &#8220; Ez naiz nire gurasoen lehen ikuskizuna, nire anaia zaharrenak bakarrik okupatu baizuen eszenatokia 5 urte eta erdiz. Bederatzi hilabetez, famili antzerki honetako kamerinoetatik, amaren emozioen ikusle pribilegiatua izan naiz. 1976ko azaroaren 28an publiko baten aitzinean lehen aguerraldia estreinatu nuen, amak ni proiektatzea eszenatokiaren aurrealdean erabaki zuenean. Ez naiz oroitzen momentu hortaz, ezta [&hellip;]","og_url":"https:\/\/patriklarralde.com\/fr\/bio\/","og_site_name":"Patrik LARRALDE","article_publisher":"https:\/\/www.facebook.com\/patrik.larralde","article_modified_time":"2025-05-02T22:42:11+00:00","og_image":[{"width":800,"height":800,"url":"https:\/\/patriklarralde.com\/wp-content\/uploads\/2025\/03\/youtube-katearen-ikonoa_2_.webp","type":"image\/webp"}],"twitter_card":"summary_large_image","twitter_misc":{"Dur\u00e9e de lecture estim\u00e9e":"2 minutes"},"schema":{"@context":"https:\/\/schema.org","@graph":[{"@type":"WebPage","@id":"https:\/\/patriklarralde.com\/bio\/","url":"https:\/\/patriklarralde.com\/bio\/","name":"Bio - Patrik LARRALDE","isPartOf":{"@id":"https:\/\/patriklarralde.com\/#website"},"primaryImageOfPage":{"@id":"https:\/\/patriklarralde.com\/bio\/#primaryimage"},"image":{"@id":"https:\/\/patriklarralde.com\/bio\/#primaryimage"},"thumbnailUrl":"https:\/\/patriklarralde.com\/wp-content\/uploads\/2025\/03\/youtube-katearen-ikonoa_2_.webp","datePublished":"2025-04-18T15:59:14+00:00","dateModified":"2025-05-02T22:42:11+00:00","breadcrumb":{"@id":"https:\/\/patriklarralde.com\/bio\/#breadcrumb"},"inLanguage":"fr-FR","potentialAction":[{"@type":"ReadAction","target":["https:\/\/patriklarralde.com\/bio\/"]}]},{"@type":"ImageObject","inLanguage":"fr-FR","@id":"https:\/\/patriklarralde.com\/bio\/#primaryimage","url":"https:\/\/patriklarralde.com\/wp-content\/uploads\/2025\/03\/youtube-katearen-ikonoa_2_.webp","contentUrl":"https:\/\/patriklarralde.com\/wp-content\/uploads\/2025\/03\/youtube-katearen-ikonoa_2_.webp"},{"@type":"BreadcrumbList","@id":"https:\/\/patriklarralde.com\/bio\/#breadcrumb","itemListElement":[{"@type":"ListItem","position":1,"name":"Accueil","item":"https:\/\/patriklarralde.com\/"},{"@type":"ListItem","position":2,"name":"Bio"}]},{"@type":"WebSite","@id":"https:\/\/patriklarralde.com\/#website","url":"https:\/\/patriklarralde.com\/","name":"Patrik LARRALDE","description":"Musicien et Compositeur","publisher":{"@id":"https:\/\/patriklarralde.com\/#\/schema\/person\/5ae8806712bff2580a77b1be960b0caa"},"potentialAction":[{"@type":"SearchAction","target":{"@type":"EntryPoint","urlTemplate":"https:\/\/patriklarralde.com\/?s={search_term_string}"},"query-input":{"@type":"PropertyValueSpecification","valueRequired":true,"valueName":"search_term_string"}}],"inLanguage":"fr-FR"},{"@type":["Person","Organization"],"@id":"https:\/\/patriklarralde.com\/#\/schema\/person\/5ae8806712bff2580a77b1be960b0caa","name":"admin5148","image":{"@type":"ImageObject","inLanguage":"fr-FR","@id":"https:\/\/patriklarralde.com\/wp-content\/uploads\/2023\/01\/patrik-larralde.webp","url":"https:\/\/patriklarralde.com\/wp-content\/uploads\/2023\/01\/patrik-larralde.webp","contentUrl":"https:\/\/patriklarralde.com\/wp-content\/uploads\/2023\/01\/patrik-larralde.webp","width":1000,"height":1000,"caption":"admin5148"},"logo":{"@id":"https:\/\/patriklarralde.com\/wp-content\/uploads\/2023\/01\/patrik-larralde.webp"},"sameAs":["https:\/\/patriklarralde.com","https:\/\/www.facebook.com\/patrik.larralde","https:\/\/www.instagram.com\/patrikl21\/","https:\/\/www.linkedin.com\/in\/patrik-larralde-9491a1233\/","https:\/\/www.youtube.com\/channel\/UCqs_UquLqmdTKthEOJdTgkQ","https:\/\/soundcloud.com\/patriklarralde"]}]}},"_links":{"self":[{"href":"https:\/\/patriklarralde.com\/fr\/wp-json\/wp\/v2\/pages\/8021","targetHints":{"allow":["GET"]}}],"collection":[{"href":"https:\/\/patriklarralde.com\/fr\/wp-json\/wp\/v2\/pages"}],"about":[{"href":"https:\/\/patriklarralde.com\/fr\/wp-json\/wp\/v2\/types\/page"}],"author":[{"embeddable":true,"href":"https:\/\/patriklarralde.com\/fr\/wp-json\/wp\/v2\/users\/1"}],"replies":[{"embeddable":true,"href":"https:\/\/patriklarralde.com\/fr\/wp-json\/wp\/v2\/comments?post=8021"}],"version-history":[{"count":73,"href":"https:\/\/patriklarralde.com\/fr\/wp-json\/wp\/v2\/pages\/8021\/revisions"}],"predecessor-version":[{"id":8880,"href":"https:\/\/patriklarralde.com\/fr\/wp-json\/wp\/v2\/pages\/8021\/revisions\/8880"}],"wp:attachment":[{"href":"https:\/\/patriklarralde.com\/fr\/wp-json\/wp\/v2\/media?parent=8021"}],"curies":[{"name":"wp","href":"https:\/\/api.w.org\/{rel}","templated":true}]}}